{"id":383,"date":"2016-06-09T12:42:50","date_gmt":"2016-06-09T12:42:50","guid":{"rendered":"http:\/\/santagorizia.it\/?page_id=383"},"modified":"2016-06-12T20:11:52","modified_gmt":"2016-06-12T20:11:52","slug":"i-balli-2","status":"publish","type":"page","link":"http:\/\/santagorizia.it\/?page_id=383","title":{"rendered":"I balli"},"content":{"rendered":"<p><em><strong>I balli di repertorio proprio<\/strong><\/em><\/p>\n<p><i>Le danze che seguono fanno parte del repertorio proprio del Gruppo &#8220;Santa Gorizia&#8221;<\/i><\/p>\n<p><span style=\"color: #900303;\"><b>la furlana<\/b><\/span><br \/>\nQuesta \u00e8 la danza pi\u00f9 conosciuta fra tutte quelle della nostra regione.<br \/>\nSi sa che era nota in Europa, con altri ritmi musicali ed espressioni coreutiche, gi\u00e0 dal 1500.<br \/>\nLa presente versione, in tempo di 3\/4, risale agli inizi del 1900 quando questo ballo ritorn\u00f2 di gran moda ed esprime con le sue movenze le schermaglie d&#8217;amore.<br \/>\nAll&#8217;inizio i ragazzi che stanno giocando a &#8220;morra&#8221; vengono invitati a ballare dalle ragazze con le parole di un antico canto friulano: &#8220;Tu ballistu Pieri?&#8221;.<\/p>\n<p><span style=\"color: #900303;\"><b>il valsovien<\/b><\/span><br \/>\nE&#8217; un ballo di societ\u00e0 noto in gran parte dell&#8217;Europa a partire dalla met\u00e0 del 1800.<br \/>\nLe figurazioni risentono del costume salottiero settecentesco.<br \/>\nAl termine della danza il ragazzo dedica all&#8217;innamorata un breve canto &#8220;Benedet chel voli neri &#8230;&#8230;&#8221;.<\/p>\n<p><span style=\"color: #900303;\"><b>la roseana<\/b><\/span><br \/>\nAnche se il nome &#8220;roseana&#8221; richiama il toponimo &#8220;Resia&#8221;, questa danza non ha niente in comune con i balli eseguiti nell&#8217;omonima valle.<br \/>\nSi tratta di una danza, in tempo di 3\/4, con varie figurazioni nata con ogni probabilit\u00e0 sulla scia della moda della &#8220;furlana&#8221; dell&#8217;inizio del XX secolo.<\/p>\n<p><span style=\"color: #900303;\"><b>la stajera<\/b><\/span><br \/>\nDetta anche &#8220;furlana a solo&#8221; \u00e8 un ballo il cui nome ricorda la regione austriaca della Stiria e la cui esecuzione \u00e8 affidata a una sola coppia di danzerini ai quali il gruppo fa corona muovendosi ritmicamente per rendere pi\u00f9 suggestivi la danza, i giochi e le effusioni amorose.<br \/>\nIl ballo si conclude con un canto le cui parole invitano a bere il vino per ricordare l&#8217;amore e dimenticare il dolore. Questa danza viene eseguita in particolari manifestazioni da tutti i gruppi folcloristici regionali.<\/p>\n<p><span style=\"color: #900303;\"><b>la torototele<\/b><\/span><br \/>\nE&#8217; una danza viva e piena di allegria. Con il nome di &#8220;torototela&#8221;, in passato, veniva definito una specie di cantastorie che accompagnandosi con strumenti rudimentali girava per le piazze dell&#8217;Italia settentrionale.<\/p>\n<p><span style=\"color: #900303;\"><b>il ciclamin<\/b><\/span><br \/>\nLe figurazioni di questo ballo sono gaie e molteplici e vogliono esprimere, con il nome di questo fiore, un entusiastico saluto per il ritorno della primavera.<br \/>\nAl termine i ballerini imitano fischiando &#8220;lo zufolo&#8221;, antico strumento popolare, per cui in Friuli viene anche chiamato &#8220;bal dal sivilot&#8221;.<span style=\"color: #ffffff;\">.<\/span><\/p>\n<p><span style=\"color: #900303;\"><b>la polca<\/b><\/span><br \/>\nBallo che ha avuto origine nel 1800 nel centro Europa, da dove si \u00e8 diffuso in tutto il mondo.<br \/>\nLa coreografia \u00e8 stata creata dal Gruppo nell&#8217;anno 1970 sulla base di un noto motivo popolare.<span style=\"color: #ffffff;\">.<\/span><\/p>\n<p><span style=\"color: #900303;\"><b>la vinca<\/b><\/span><br \/>\nE&#8217; un ballo in cerchio che trova parecchie affinit\u00e0 comuni nell&#8217;area centro europea, potrebbe essere stata introdotta nelle nostre zone dagli emigranti e dalle truppe austriache.<br \/>\nLa caratteristica del battere le mani indica la sua appartenenza alla famiglia delle &#8220;Klatsh &#8211; tanz&#8221; austriache. Nella nostra regione oltre che con il nome &#8220;vinca \u00e8 conosciuta anche con quello di &#8220;truk&#8221;.<br \/>\nAttualmente viene di solito eseguita al termine delle feste e delle varie esibizioni del Gruppo e, dove ci\u00f2 \u00e8 possibile, viene insegnata e ballata con il pubblico presente.<span style=\"color: #ffffff;\">.<\/span><\/p>\n<p><span style=\"color: #900303;\"><b>il fugarul<\/b><\/span><br \/>\nE&#8217; una coreografia che simboleggia i movimenti in cerchio eseguiti intorno ai fuochi rituali accesi ancora oggi in occasione di particolari festivit\u00e0 come l&#8217;Epifania e S.Giovanni.<span style=\"color: #ffffff;\">.<\/span><\/p>\n<p><span style=\"color: #900303;\"><b>il ballo della scopa<\/b><\/span><br \/>\nNon \u00e8 altro che un tradizionale gioco ballato, durante il quale il danzerino che al termine della musica rimane con la scopa in mano deve subire una punizione scherzosa.<span style=\"color: #ffffff;\">..<\/span><\/p>\n<p><span style=\"color: #900303;\"><b>i siet pas<\/b><\/span><br \/>\nI siet pas (sette passi) \u00e8 un ballo di coppia che ha avuto una larga diffusione in tutto il centro e nord Europa con il termine tedesco &#8220;Siebenschritt&#8221;.<br \/>\nLa danza che il Gruppo presenta \u00e8 il frutto del lavoro di ricerca e di raccolta delle varie forme documentate nel nostro territorio ed in quelli limitrofi, pertanto ogni 12 battute viene modificata la forma coreutica che si evidenzia soprattutto nel passaggio dalla struttura in riga a quella in cerchio.<\/p>\n<p><em><strong>I balli comuni<\/strong><\/em><\/p>\n<p><i>Le danze che seguono fanno parte del repertorio del Gruppo e vengono eseguite contemporaneamente da tutti i gruppi componenti l&#8217;Associazione dei Gruppi Folcloristici Friulani in particolari occasioni.<\/i><\/p>\n<p><span style=\"color: #900303;\"><b>la furlana del bidas<\/b><\/span><br \/>\nE&#8217; una variante della furlana ballata nella zona di Gorizia proposta ai gruppi friulani dai danzerini di Pasian di Prato.<br \/>\nViene chiamata &#8220;Furlana del Bidas&#8221; dal nome del maestro che per primo ritrov\u00f2 e trascrisse il suo motivo originale e la coreografia.<br \/>\nCon i suoi movimenti delicati e gentili esprime momenti di simpatia e di amore: dall&#8217;impaccio del primo incontro all&#8217;offerta di un fiore; dal timido invito della ragazza al suo cavaliere al giro di valzer finale che culmina con un profondo inchino quale segno di devozione.<\/p>\n<p><span style=\"color: #900303;\"><b>la lavandera<\/b><\/span><br \/>\nE&#8217; una danza proposta dal gruppo di Aviano (Pordenone), localit\u00e0 situata nella parte occidentale della nostra regione, in cui il pretendente con le sue giravolte vuole attirare l&#8217;attenzione ed esprimere il suo affetto verso l&#8217;innamorata mentre questa \u00e8 intenta a lavare i panni al ruscello.<\/p>\n<p><span style=\"color: #900303;\"><b>la sclava del tor<\/b><\/span><br \/>\nDanza, proposta ai gruppi friulani dai danzerini di Magnano i Riviera, la cui coreografia \u00e8 stata creata su una musica tratta da uno spartito manoscritto proveniente dalla valle del fiume Torre confinante con l&#8217;attuale Slovenia.<\/p>\n<p><span style=\"color: #900303;\"><b>armoniche e liron<\/b><\/span><br \/>\nE&#8217; una coreografia ideata e proposta agli altri gruppi dai ballerini di Buia sulla base di un noto motivo di autore.<\/p>\n<p><em><strong>Le nozze goriziane<\/strong><\/em><\/p>\n<p>Il Gruppo Folcloristico &#8220;Santa Gorizia&#8221;, che ha tra i suoi fini principali il mantenimento e la divulgazione delle tradizioni locali, attraverso danze, musiche e canti, ha inserito, gi\u00e0 da anni, nel suo repertorio delle componenti che si riferiscono alle nozze, nonch\u00e8 all&#8217;allestimento teatrale del &#8220;La Majolsiza&#8221; (La Boccaletta), azione folcloristica goriziana in un atto preceduta da un prologo, che riguarda tutti i preparativi tratti dallo scritto &#8220;Amori e nozze degli agricoltori goriziani&#8221; entrambi dell&#8217;illustre studioso di storia, usi e consumi popolari, Ranieri Massimo Cossar.<\/p>\n<p>Il matrimonio di due componenti del Gruppo \u00e8 stato il prestesto per riproporre nella realt\u00e0 le fasi pi\u00f9 significative che accompagnavano il rito nuziale fino a qualche decennio fa e che l&#8217;incalzare del &#8220;progresso&#8221; ha fatto a poco a poco scomparire e di documentarle con immagini video e con un libretto di facile lettura.<\/p>\n","protected":false},"excerpt":{"rendered":"<p>I balli di repertorio proprio Le danze che seguono fanno parte del repertorio proprio del Gruppo &#8220;Santa Gorizia&#8221; la furlana Questa \u00e8 la danza pi\u00f9 conosciuta fra tutte quelle della nostra regione. Si sa che era nota in Europa, con altri ritmi musicali ed espressioni coreutiche, gi\u00e0 dal 1500. La presente versione, in tempo di [&hellip;]<\/p>\n","protected":false},"author":1,"featured_media":0,"parent":356,"menu_order":2,"comment_status":"closed","ping_status":"closed","template":"","meta":{"jetpack_post_was_ever_published":false,"footnotes":""},"class_list":["post-383","page","type-page","status-publish","hentry"],"jetpack_sharing_enabled":true,"jetpack_shortlink":"https:\/\/wp.me\/P7CSoi-6b","jetpack-related-posts":[],"jetpack_likes_enabled":true,"_links":{"self":[{"href":"http:\/\/santagorizia.it\/index.php?rest_route=\/wp\/v2\/pages\/383","targetHints":{"allow":["GET"]}}],"collection":[{"href":"http:\/\/santagorizia.it\/index.php?rest_route=\/wp\/v2\/pages"}],"about":[{"href":"http:\/\/santagorizia.it\/index.php?rest_route=\/wp\/v2\/types\/page"}],"author":[{"embeddable":true,"href":"http:\/\/santagorizia.it\/index.php?rest_route=\/wp\/v2\/users\/1"}],"replies":[{"embeddable":true,"href":"http:\/\/santagorizia.it\/index.php?rest_route=%2Fwp%2Fv2%2Fcomments&post=383"}],"version-history":[{"count":5,"href":"http:\/\/santagorizia.it\/index.php?rest_route=\/wp\/v2\/pages\/383\/revisions"}],"predecessor-version":[{"id":461,"href":"http:\/\/santagorizia.it\/index.php?rest_route=\/wp\/v2\/pages\/383\/revisions\/461"}],"up":[{"embeddable":true,"href":"http:\/\/santagorizia.it\/index.php?rest_route=\/wp\/v2\/pages\/356"}],"wp:attachment":[{"href":"http:\/\/santagorizia.it\/index.php?rest_route=%2Fwp%2Fv2%2Fmedia&parent=383"}],"curies":[{"name":"wp","href":"https:\/\/api.w.org\/{rel}","templated":true}]}}