{"id":393,"date":"2016-06-09T12:45:40","date_gmt":"2016-06-09T12:45:40","guid":{"rendered":"http:\/\/santagorizia.it\/?page_id=393"},"modified":"2016-06-10T19:51:22","modified_gmt":"2016-06-10T19:51:22","slug":"la-storia","status":"publish","type":"page","link":"http:\/\/santagorizia.it\/?page_id=393","title":{"rendered":"La storia"},"content":{"rendered":"<p><em><strong>Le origini<\/strong><\/em><\/p>\n<p><img data-recalc-dims=\"1\" loading=\"lazy\" decoding=\"async\" data-attachment-id=\"6\" data-permalink=\"http:\/\/santagorizia.it\/?attachment_id=6\" data-orig-file=\"https:\/\/i0.wp.com\/santagorizia.it\/wp-content\/uploads\/2015\/09\/foto01.jpg?fit=200%2C129\" data-orig-size=\"200,129\" data-comments-opened=\"1\" data-image-meta=\"{&quot;aperture&quot;:&quot;0&quot;,&quot;credit&quot;:&quot;&quot;,&quot;camera&quot;:&quot;&quot;,&quot;caption&quot;:&quot;&quot;,&quot;created_timestamp&quot;:&quot;0&quot;,&quot;copyright&quot;:&quot;&quot;,&quot;focal_length&quot;:&quot;0&quot;,&quot;iso&quot;:&quot;0&quot;,&quot;shutter_speed&quot;:&quot;0&quot;,&quot;title&quot;:&quot;&quot;,&quot;orientation&quot;:&quot;0&quot;}\" data-image-title=\"foto01\" data-image-description=\"\" data-image-caption=\"\" data-large-file=\"https:\/\/i0.wp.com\/santagorizia.it\/wp-content\/uploads\/2015\/09\/foto01.jpg?fit=200%2C129\" class=\"size-full wp-image-6 alignleft\" src=\"https:\/\/i0.wp.com\/santagorizia.it\/wp-content\/uploads\/2015\/09\/foto01.jpg?resize=200%2C129\" alt=\"foto01\" width=\"200\" height=\"129\" \/>Nel primo dopoguerra un gruppo di giovani agricoltori di San Rocco era solito ritrovarsi in occasioni particolari indossando il costume tradizionale.<\/p>\n<p>Nel 1928 il Gruppo collega la sua attivit\u00e0 al Dopolavoro rionale di Borgo San Rocco.<\/p>\n<p>Di qui i primi documenti dei progenitori del Gruupo Folcloristico \u201cSanta Gorizia\u201d di oggi.<\/p>\n<p>Il Gruppo Folcloristico \u201cSanta Gorizia\u201d infatti ha ripreso i costumi e le tradizioni che \u201ci nonni\u201d Agricoltori gli hanno tramandato.<\/p>\n<p>Il Gruppo \u201cGiovani Agricoltori\u201d aveva sede nella locanda \u201cLa Stella d\u2019Oro\u201d; dopo qualche anno si trasfer\u00ec nella sede del Dopolavoro cittadino \u201cPrincipe di Piemonte\u201d dal quale prese il nome.<\/p>\n<p>In quel tempo il Gruppo inizi\u00f2 la sua attivit\u00e0 partecipando a vari raduni in costume ed in particolare a quello di Venezia dove si classific\u00f2 brillantemente: si esib\u00ec nelle varie feste paesane e annualmente rievocava, al tradizionale \u201cBallo dei contadini\u201d, l\u2019antica cerimonia delle nozze goriziane.<\/p>\n<p>I suoi componenti collaboravano anche alla diffusione dei balli folcloristici recandosi ad insegnare le danze nella varie localit\u00e0 della provincia ed in particolare \u201cla furlana\u201d, per la quale vennero organizzate addirittura delle gare con l\u2019assegnazione di premi ai migliori esecutori.<\/p>\n<p><em><strong>La ripresa<\/strong><\/em><\/p>\n<p><img data-recalc-dims=\"1\" loading=\"lazy\" decoding=\"async\" data-attachment-id=\"8\" data-permalink=\"http:\/\/santagorizia.it\/?attachment_id=8\" data-orig-file=\"https:\/\/i0.wp.com\/santagorizia.it\/wp-content\/uploads\/2015\/09\/foto02.jpg?fit=200%2C272\" data-orig-size=\"200,272\" data-comments-opened=\"1\" data-image-meta=\"{&quot;aperture&quot;:&quot;0&quot;,&quot;credit&quot;:&quot;&quot;,&quot;camera&quot;:&quot;&quot;,&quot;caption&quot;:&quot;&quot;,&quot;created_timestamp&quot;:&quot;0&quot;,&quot;copyright&quot;:&quot;&quot;,&quot;focal_length&quot;:&quot;0&quot;,&quot;iso&quot;:&quot;0&quot;,&quot;shutter_speed&quot;:&quot;0&quot;,&quot;title&quot;:&quot;&quot;,&quot;orientation&quot;:&quot;0&quot;}\" data-image-title=\"foto02\" data-image-description=\"\" data-image-caption=\"\" data-large-file=\"https:\/\/i0.wp.com\/santagorizia.it\/wp-content\/uploads\/2015\/09\/foto02.jpg?fit=200%2C272\" class=\"size-full wp-image-8 alignleft\" src=\"https:\/\/i0.wp.com\/santagorizia.it\/wp-content\/uploads\/2015\/09\/foto02.jpg?resize=200%2C272\" alt=\"foto02\" width=\"200\" height=\"272\" \/>Negli anni &#8217;50 il Gruppo assunse la denominazione di &#8220;Santa Gorizia&#8221; per simboleggiare con tale nome il ricordo del sacrificio di tante vite umane avutosi durante il primo conflitto mondiale nel nostro territorio e per il quale, appunto, Gorizia era stata definita &#8220;Santa&#8221; in riferimento anche ai versi della &#8220;Sagra di Santa Gorizia&#8221; del poeta Vittorio Locchi.<\/p>\n<p>Il Gruppo, con l&#8217;appoggio dell&#8217;Associazione coltivatori diretti, inizi\u00f2 a portare le tradizioni popolari friulane al di fuori dei confini provinciali.<\/p>\n<p>Ad iniziare dalla trasferta di Messina nell&#8217;anno 1953, per proseguire, nel 1954, con quella di Napoli, dove vinse il premio Tersicore al &#8220;Concorso delle nove muse&#8221;, nel 1955, di Agrigento alla &#8220;Sagra del mandorlo in fiore&#8221; e di Roma, negli studi della Radio Televisione Italiana, per un&#8217;esibizione, in ripresa diretta, durante l&#8217;ora dell&#8217;agricoltore.<\/p>\n<p>Nell&#8217;anno 1957 si registra invece un altro avvenimento importante, la prima trasferta all&#8217;estero, con meta Lienz in Austria, citt\u00e0 veramente gemella di Gorizia per le vicende storiche collegate ai Conti di Gorizia.<\/p>\n<p>Due anni dopo, nel 1959, il Gruppo partecipa a Lugano, in Svizzera, al &#8220;Corteo della Vendemmia&#8221;.<\/p>\n<p>All&#8217;anno 1962 risale la fondazione della Pro Loco di Gorizia, sodalizio che ha sempre avuto una parte importante nella vita del Gruppo e con il quale viene mantenuto, tuttora, un proficuo rapporto di collaborazione.<\/p>\n<p><em><strong>Ai giorni nostri<\/strong><\/em><\/p>\n<p>Dagli anni &#8217;70 in avanti il Gruppo ha intensifi<img data-recalc-dims=\"1\" loading=\"lazy\" decoding=\"async\" data-attachment-id=\"7\" data-permalink=\"http:\/\/santagorizia.it\/?attachment_id=7\" data-orig-file=\"https:\/\/i0.wp.com\/santagorizia.it\/wp-content\/uploads\/2015\/09\/foto03.jpg?fit=200%2C181\" data-orig-size=\"200,181\" data-comments-opened=\"1\" data-image-meta=\"{&quot;aperture&quot;:&quot;0&quot;,&quot;credit&quot;:&quot;&quot;,&quot;camera&quot;:&quot;&quot;,&quot;caption&quot;:&quot;&quot;,&quot;created_timestamp&quot;:&quot;0&quot;,&quot;copyright&quot;:&quot;&quot;,&quot;focal_length&quot;:&quot;0&quot;,&quot;iso&quot;:&quot;0&quot;,&quot;shutter_speed&quot;:&quot;0&quot;,&quot;title&quot;:&quot;&quot;,&quot;orientation&quot;:&quot;0&quot;}\" data-image-title=\"foto03\" data-image-description=\"\" data-image-caption=\"\" data-large-file=\"https:\/\/i0.wp.com\/santagorizia.it\/wp-content\/uploads\/2015\/09\/foto03.jpg?fit=200%2C181\" class=\"size-full wp-image-7 alignleft\" src=\"https:\/\/i0.wp.com\/santagorizia.it\/wp-content\/uploads\/2015\/09\/foto03.jpg?resize=200%2C181\" alt=\"foto03\" width=\"200\" height=\"181\" \/> cato sempre pi\u00f9 la sua attivit\u00e0 partecipando a numerose manifestazioni nazionali ed internazionali.<\/p>\n<p>Oltre a nazioni europee come Austria, Jugoslavia, Svizzera, Francia, Spagna, Ungheria, Olanda, Irlanda, Portogallo, Polonia, Slovacchia, Germania, Repubblica Ceca, Slovenia e Croazia, il &#8220;Santa Gorizia&#8221; ha fatto conoscere le nostre tradizioni popolari in Israele, Turchia ed ancora negli Stati Uniti d&#8217;America, in Brasile, in Canada ed in Argentina. Vanno ricordate pure le presenze ad avvenimenti nazionali quali le cerimonie ad Assisi per la ricorrenza di San Francesco, Patrono d&#8217;Italia, ed a tutte le manifestazioni principali avvenute in Regione.<\/p>\n<p>Nella nostra citt\u00e0 molteplici sono state le rappresentanze in occasione di visite di personaggi importanti e di ricorrenze storiche.<\/p>\n<p>Non va dimenticata l&#8217;attivit\u00e0 di conforto negli ospedali e gli spettacoli ricreativi a favore delle persone handicappate, degli anziani e dei militari.<\/p>\n<p>Il Gruppo, quando \u00e8 stato interpellato, ha sempre collaborato con i vari Enti e le associazioni cittadine.<\/p>\n<p>Motivo di grande soddisfazione \u00e8 stato il riconoscimento del &#8220;Premio San Rocco&#8221;, assegnato al Gruppo nell&#8217;anno 1997 dal &#8220;Centro per la Conservazione delle Tradizioni&#8221; del Borgo omonimo, con la seguente motivazione:<br \/>\n<i>&#8220;Al Gruppo Folcloristico Santa Gorizia figlio di Borgo San Rocco per avere in questi 70 anni custodito e fatto conoscere in tutto il mondo, attraverso la danza, l&#8217;anima del popolo friulano&#8221;.<\/i><\/p>\n<p>E la storia continua&#8230;<\/p>\n","protected":false},"excerpt":{"rendered":"<p>Le origini Nel primo dopoguerra un gruppo di giovani agricoltori di San Rocco era solito ritrovarsi in occasioni particolari indossando il costume tradizionale. Nel 1928 il Gruppo collega la sua attivit\u00e0 al Dopolavoro rionale di Borgo San Rocco. Di qui i primi documenti dei progenitori del Gruupo Folcloristico \u201cSanta Gorizia\u201d di oggi. Il Gruppo Folcloristico [&hellip;]<\/p>\n","protected":false},"author":1,"featured_media":0,"parent":356,"menu_order":0,"comment_status":"closed","ping_status":"closed","template":"","meta":{"jetpack_post_was_ever_published":false,"footnotes":""},"class_list":["post-393","page","type-page","status-publish","hentry"],"jetpack_sharing_enabled":true,"jetpack_shortlink":"https:\/\/wp.me\/P7CSoi-6l","jetpack-related-posts":[],"jetpack_likes_enabled":true,"_links":{"self":[{"href":"http:\/\/santagorizia.it\/index.php?rest_route=\/wp\/v2\/pages\/393","targetHints":{"allow":["GET"]}}],"collection":[{"href":"http:\/\/santagorizia.it\/index.php?rest_route=\/wp\/v2\/pages"}],"about":[{"href":"http:\/\/santagorizia.it\/index.php?rest_route=\/wp\/v2\/types\/page"}],"author":[{"embeddable":true,"href":"http:\/\/santagorizia.it\/index.php?rest_route=\/wp\/v2\/users\/1"}],"replies":[{"embeddable":true,"href":"http:\/\/santagorizia.it\/index.php?rest_route=%2Fwp%2Fv2%2Fcomments&post=393"}],"version-history":[{"count":4,"href":"http:\/\/santagorizia.it\/index.php?rest_route=\/wp\/v2\/pages\/393\/revisions"}],"predecessor-version":[{"id":450,"href":"http:\/\/santagorizia.it\/index.php?rest_route=\/wp\/v2\/pages\/393\/revisions\/450"}],"up":[{"embeddable":true,"href":"http:\/\/santagorizia.it\/index.php?rest_route=\/wp\/v2\/pages\/356"}],"wp:attachment":[{"href":"http:\/\/santagorizia.it\/index.php?rest_route=%2Fwp%2Fv2%2Fmedia&parent=393"}],"curies":[{"name":"wp","href":"https:\/\/api.w.org\/{rel}","templated":true}]}}