{"id":80,"date":"2015-09-28T11:17:56","date_gmt":"2015-09-28T11:17:56","guid":{"rendered":"https:\/\/santagorizia.wordpress.com\/?page_id=80"},"modified":"2016-06-09T13:10:39","modified_gmt":"2016-06-09T13:10:39","slug":"folklorna-skupina-santa-gorizia","status":"publish","type":"page","link":"http:\/\/santagorizia.it\/?page_id=80","title":{"rendered":"Slovensko"},"content":{"rendered":"<p><strong>Folklorna Skupina &#8220;Santa Gorizia&#8221;<\/strong><br \/>\nV letih pred prvo svetovno vojno, skupina mladih kmetov iz gori\u0161kega predmestja Sv. Roka je imela navado sestajati se ob va\u017enih dogodkih kot so npr. ohceti, va\u0161ki prazniki in ob pustovanju, oble\u010dena v narodnih no\u0161ah.<br \/>\nV letu 1928, ki je pa tudi leto uradne ustanovitve skupine, so se mladi za\u010deli udele\u017eevati raznih prireditev z zna\u010dilnimi doma\u010dimi no\u0161ami. Omembe vredna prireditev je bila v Benetkah kjer se je Skupina sijajno uvrstila. Sledilo je mnogo nastopov predvsem na va\u0161kih praznikih ter obvezno vsakoletno obnavljanje spomina na tradicionalni &#8220;Kme\u010dki ples&#8221;, stara slovesnost gori\u0161ke ohceti.<br \/>\nV naslednjih letih je Skupina bila zelo aktivna, vedno prisotna na vseh va\u017enej\u0161ih sre\u010danjih italjanske folklore in celo uradno predstavljala Italijo na raznih mednarodnih festivalih v: Avstriji, Hrva\u0161ki, Franciji, Nem\u010diji, Irski, Izraelu, Jugoslaviji, na Holandskem, Poljski, Portugalski, \u010ce\u0161ki, Slova\u0161ki, Sloveniji, \u0160paniji, \u0160vici, Tur\u010diji, Mad\u017ear\u0161ki in celo v Argentini, Braziliji, Kanadi in Zdru\u017eenih Dr\u017eavah Amerike. Program Skupine predstavlja no\u0161e, plese, glasbo, pesmi in obi\u010daje na\u0161e zemlje predvsem Gorice. Obenem Skupina obuja v celoti zna\u010dilnosti starega obreda &#8220;Gori\u0161ke ohceti&#8221;. Delovanje se izpopolnjuje z neprestanim raziskovanjem na podro\u010dju ljudskih navad, obi\u010dajev zbranem v publikacijah, video posnetkih in zgo\u0161\u010denkah.<\/p>\n","protected":false},"excerpt":{"rendered":"<p>Folklorna Skupina &#8220;Santa Gorizia&#8221; V letih pred prvo svetovno vojno, skupina mladih kmetov iz gori\u0161kega predmestja Sv. Roka je imela navado sestajati se ob va\u017enih dogodkih kot so npr. ohceti, va\u0161ki prazniki in ob pustovanju, oble\u010dena v narodnih no\u0161ah. V letu 1928, ki je pa tudi leto uradne ustanovitve skupine, so se mladi za\u010deli udele\u017eevati [&hellip;]<\/p>\n","protected":false},"author":1,"featured_media":0,"parent":362,"menu_order":2,"comment_status":"closed","ping_status":"closed","template":"","meta":{"footnotes":""},"class_list":["post-80","page","type-page","status-publish","hentry"],"jetpack_sharing_enabled":true,"jetpack_shortlink":"https:\/\/wp.me\/P7CSoi-1i","jetpack-related-posts":[],"jetpack_likes_enabled":true,"_links":{"self":[{"href":"http:\/\/santagorizia.it\/index.php?rest_route=\/wp\/v2\/pages\/80","targetHints":{"allow":["GET"]}}],"collection":[{"href":"http:\/\/santagorizia.it\/index.php?rest_route=\/wp\/v2\/pages"}],"about":[{"href":"http:\/\/santagorizia.it\/index.php?rest_route=\/wp\/v2\/types\/page"}],"author":[{"embeddable":true,"href":"http:\/\/santagorizia.it\/index.php?rest_route=\/wp\/v2\/users\/1"}],"replies":[{"embeddable":true,"href":"http:\/\/santagorizia.it\/index.php?rest_route=%2Fwp%2Fv2%2Fcomments&post=80"}],"version-history":[{"count":2,"href":"http:\/\/santagorizia.it\/index.php?rest_route=\/wp\/v2\/pages\/80\/revisions"}],"predecessor-version":[{"id":438,"href":"http:\/\/santagorizia.it\/index.php?rest_route=\/wp\/v2\/pages\/80\/revisions\/438"}],"up":[{"embeddable":true,"href":"http:\/\/santagorizia.it\/index.php?rest_route=\/wp\/v2\/pages\/362"}],"wp:attachment":[{"href":"http:\/\/santagorizia.it\/index.php?rest_route=%2Fwp%2Fv2%2Fmedia&parent=80"}],"curies":[{"name":"wp","href":"https:\/\/api.w.org\/{rel}","templated":true}]}}