{"id":82,"date":"2015-09-28T11:19:19","date_gmt":"2015-09-28T11:19:19","guid":{"rendered":"https:\/\/santagorizia.wordpress.com\/?page_id=82"},"modified":"2016-06-09T13:12:03","modified_gmt":"2016-06-09T13:12:03","slug":"grupo-folklorico-santa-gorizia","status":"publish","type":"page","link":"http:\/\/santagorizia.it\/?page_id=82","title":{"rendered":"Espa\u00f1ol"},"content":{"rendered":"<p><strong>Grupo Folklorico &#8220;Santa Gorizia&#8221;<\/strong><br \/>\nEn los a\u00f1os antecedentes el primer conflicto mundial un grupo de jovenes campesinos del barrio de San Rocco habitualmente, en ocasiones particulares como bodas, fiestas del barrio y carnaval, se encontraban disfrazandose con el traje tradicional.<br \/>\nEn el a\u00f1o 1928, a\u00f1o oficial de su fundaci\u00f3n, el Grupo empez\u00f3 a participar en varios radunos en traje tradicional y en particular en aquel de Venecia en que se clasific\u00f3 muy brillantemente; actu\u00f3 en varias fiestas de pais y tambi\u00e9n cada a\u00f1o evocava el tradicional \u201cbaile de los campesinos\u201d, antigua ceremonia de las bodas de Gorizia.<br \/>\nDespu\u00e9s en los a\u00f1os, el Grupo particip\u00f3 en varias manifestaciones folkloricas italianas y tuvo invitaciones para representar a Italia en varios festivales y tourn\u00e8e que llevaron el Grupo a visitar distintas naciones como: Austria, Croacia, Francia, Alemania, Irlanda, Israel, Yugoslavia, Holanda, Polonia, Portugal, Rep. Ceca, Eslovaquia, Eslovenia, Espa\u00f1a, Suiza, Turquia, Hungr\u00eda y adem\u00e1s Argentina, Brasil, Canad\u00e1 y Estados Unidos.<br \/>\nEl programa del Grupo propone los trajes tipicos, las danzas, las musicas, las costumbres y tradiciones de nuestra tierra y en particular de Gorizia. Evoca tambi\u00e9n en su realidad y en forma teatral el antigua ceremonia de \u201cLas Bodas de Gorizia\u201d.<br \/>\nLa actividad del Grupo es completada a trav\u00e9s de un trabajo largo de b\u00fasqueda en el \u00e1mbito de las tradiciones populares que son recoleccionadas en publicaciones, video y CD.<\/p>\n","protected":false},"excerpt":{"rendered":"<p>Grupo Folklorico &#8220;Santa Gorizia&#8221; En los a\u00f1os antecedentes el primer conflicto mundial un grupo de jovenes campesinos del barrio de San Rocco habitualmente, en ocasiones particulares como bodas, fiestas del barrio y carnaval, se encontraban disfrazandose con el traje tradicional. En el a\u00f1o 1928, a\u00f1o oficial de su fundaci\u00f3n, el Grupo empez\u00f3 a participar en [&hellip;]<\/p>\n","protected":false},"author":1,"featured_media":0,"parent":362,"menu_order":4,"comment_status":"closed","ping_status":"closed","template":"","meta":{"jetpack_post_was_ever_published":false,"footnotes":""},"class_list":["post-82","page","type-page","status-publish","hentry"],"jetpack_sharing_enabled":true,"jetpack_shortlink":"https:\/\/wp.me\/P7CSoi-1k","jetpack-related-posts":[],"jetpack_likes_enabled":true,"_links":{"self":[{"href":"http:\/\/santagorizia.it\/index.php?rest_route=\/wp\/v2\/pages\/82","targetHints":{"allow":["GET"]}}],"collection":[{"href":"http:\/\/santagorizia.it\/index.php?rest_route=\/wp\/v2\/pages"}],"about":[{"href":"http:\/\/santagorizia.it\/index.php?rest_route=\/wp\/v2\/types\/page"}],"author":[{"embeddable":true,"href":"http:\/\/santagorizia.it\/index.php?rest_route=\/wp\/v2\/users\/1"}],"replies":[{"embeddable":true,"href":"http:\/\/santagorizia.it\/index.php?rest_route=%2Fwp%2Fv2%2Fcomments&post=82"}],"version-history":[{"count":2,"href":"http:\/\/santagorizia.it\/index.php?rest_route=\/wp\/v2\/pages\/82\/revisions"}],"predecessor-version":[{"id":440,"href":"http:\/\/santagorizia.it\/index.php?rest_route=\/wp\/v2\/pages\/82\/revisions\/440"}],"up":[{"embeddable":true,"href":"http:\/\/santagorizia.it\/index.php?rest_route=\/wp\/v2\/pages\/362"}],"wp:attachment":[{"href":"http:\/\/santagorizia.it\/index.php?rest_route=%2Fwp%2Fv2%2Fmedia&parent=82"}],"curies":[{"name":"wp","href":"https:\/\/api.w.org\/{rel}","templated":true}]}}